{"id":342,"date":"2020-12-30T20:48:28","date_gmt":"2020-12-30T20:48:28","guid":{"rendered":"https:\/\/www.haslauer.si\/dev\/?page_id=342"},"modified":"2021-01-03T19:42:16","modified_gmt":"2021-01-03T19:42:16","slug":"splosno","status":"publish","type":"page","link":"https:\/\/www.haslauer.si\/dev\/splosno\/","title":{"rendered":"Splo\u0161no"},"content":{"rendered":"\t\t<div data-elementor-type=\"wp-page\" data-elementor-id=\"342\" class=\"elementor elementor-342\" data-elementor-settings=\"[]\">\n\t\t\t\t\t\t<div class=\"elementor-inner\">\n\t\t\t\t\t\t\t<div class=\"elementor-section-wrap\">\n\t\t\t\t\t\t\t<section class=\"elementor-section elementor-top-section elementor-element elementor-element-1668d5b elementor-section-height-full elementor-section-boxed elementor-section-height-default elementor-section-items-middle\" data-id=\"1668d5b\" data-element_type=\"section\" data-settings=\"{&quot;background_background&quot;:&quot;gradient&quot;}\">\n\t\t\t\t\t\t\t<div class=\"elementor-background-overlay\"><\/div>\n\t\t\t\t\t\t\t<div class=\"elementor-container elementor-column-gap-default\">\n\t\t\t\t\t\t\t<div class=\"elementor-row\">\n\t\t\t\t\t<div class=\"elementor-column elementor-col-100 elementor-top-column elementor-element elementor-element-3b44d277\" data-id=\"3b44d277\" data-element_type=\"column\" data-settings=\"{&quot;background_background&quot;:&quot;gradient&quot;,&quot;animation&quot;:&quot;none&quot;}\">\n\t\t\t<div class=\"elementor-column-wrap elementor-element-populated\">\n\t\t\t\t\t<div class=\"elementor-background-overlay\"><\/div>\n\t\t\t\t\t\t\t<div class=\"elementor-widget-wrap\">\n\t\t\t\t\t\t<div class=\"elementor-element elementor-element-593adbe9 elementor-widget elementor-widget-spacer\" data-id=\"593adbe9\" data-element_type=\"widget\" data-widget_type=\"spacer.default\">\n\t\t\t\t<div class=\"elementor-widget-container\">\n\t\t\t\t\t<div class=\"elementor-spacer\">\n\t\t\t<div class=\"elementor-spacer-inner\"><\/div>\n\t\t<\/div>\n\t\t\t\t<\/div>\n\t\t\t\t<\/div>\n\t\t\t\t<div class=\"elementor-element elementor-element-7d52054 elementor-widget elementor-widget-heading\" data-id=\"7d52054\" data-element_type=\"widget\" data-widget_type=\"heading.default\">\n\t\t\t\t<div class=\"elementor-widget-container\">\n\t\t\t<h1 class=\"elementor-heading-title elementor-size-large\">Splo\u0161no<\/h1>\t\t<\/div>\n\t\t\t\t<\/div>\n\t\t\t\t<div class=\"elementor-element elementor-element-3c9fec20 elementor-widget-divider--view-line elementor-widget elementor-widget-divider\" data-id=\"3c9fec20\" data-element_type=\"widget\" data-widget_type=\"divider.default\">\n\t\t\t\t<div class=\"elementor-widget-container\">\n\t\t\t\t\t<div class=\"elementor-divider\">\n\t\t\t<span class=\"elementor-divider-separator\">\n\t\t\t\t\t\t<\/span>\n\t\t<\/div>\n\t\t\t\t<\/div>\n\t\t\t\t<\/div>\n\t\t\t\t<div class=\"elementor-element elementor-element-19fd5ef elementor-widget elementor-widget-text-editor\" data-id=\"19fd5ef\" data-element_type=\"widget\" data-widget_type=\"text-editor.default\">\n\t\t\t\t<div class=\"elementor-widget-container\">\n\t\t\t\t\t\t\t\t<div class=\"elementor-text-editor elementor-clearfix\">\n\t\t\t\t\t<p>Podjetje za projektiranje in in\u017eeniring naprav za pripravo pitne in \u010di\u0161\u010denje odpadne vode. Naro\u010dnikom nudimo celotne storitve od svetovanja in idejne zasnove, projektne dokumentacije, pridobivanja soglasij, in\u017eeniringa, izgradnje, do poskusnega obratovanja in uporabnega dovoljenja; ali samo posamezno storitev.<\/p>\t\t\t\t\t<\/div>\n\t\t\t\t\t\t<\/div>\n\t\t\t\t<\/div>\n\t\t\t\t<div class=\"elementor-element elementor-element-b55b464 elementor-tabs-view-horizontal elementor-widget elementor-widget-tabs\" data-id=\"b55b464\" data-element_type=\"widget\" data-widget_type=\"tabs.default\">\n\t\t\t\t<div class=\"elementor-widget-container\">\n\t\t\t\t\t<div class=\"elementor-tabs\">\n\t\t\t<div class=\"elementor-tabs-wrapper\" role=\"tablist\" >\n\t\t\t\t\t\t\t\t\t<div id=\"elementor-tab-title-1901\" class=\"elementor-tab-title elementor-tab-desktop-title\" aria-selected=\"true\" data-tab=\"1\" role=\"tab\" tabindex=\"0\" aria-controls=\"elementor-tab-content-1901\" aria-expanded=\"false\"><a href=\"\">Podro\u010dje komunala<\/a><\/div>\n\t\t\t\t\t\t\t\t\t<div id=\"elementor-tab-title-1902\" class=\"elementor-tab-title elementor-tab-desktop-title\" aria-selected=\"false\" data-tab=\"2\" role=\"tab\" tabindex=\"-1\" aria-controls=\"elementor-tab-content-1902\" aria-expanded=\"false\"><a href=\"\">Podro\u010dje industrija<\/a><\/div>\n\t\t\t\t\t\t\t\t\t<div id=\"elementor-tab-title-1903\" class=\"elementor-tab-title elementor-tab-desktop-title\" aria-selected=\"false\" data-tab=\"3\" role=\"tab\" tabindex=\"-1\" aria-controls=\"elementor-tab-content-1903\" aria-expanded=\"false\"><a href=\"\">Podro\u010dje odpadki<\/a><\/div>\n\t\t\t\t\t\t\t\t\t<div id=\"elementor-tab-title-1904\" class=\"elementor-tab-title elementor-tab-desktop-title\" aria-selected=\"false\" data-tab=\"4\" role=\"tab\" tabindex=\"-1\" aria-controls=\"elementor-tab-content-1904\" aria-expanded=\"false\"><a href=\"\">Podro\u010dje raziskave in razvoj<\/a><\/div>\n\t\t\t\t\t\t\t\t\t<div id=\"elementor-tab-title-1905\" class=\"elementor-tab-title elementor-tab-desktop-title\" aria-selected=\"false\" data-tab=\"5\" role=\"tab\" tabindex=\"-1\" aria-controls=\"elementor-tab-content-1905\" aria-expanded=\"false\"><a href=\"\">Storitve za navedena podro\u010dja<\/a><\/div>\n\t\t\t\t\t\t\t<\/div>\n\t\t\t<div class=\"elementor-tabs-content-wrapper\" role=\"tablist\" aria-orientation=\"vertical\">\n\t\t\t\t\t\t\t\t\t<div class=\"elementor-tab-title elementor-tab-mobile-title\" aria-selected=\"true\" data-tab=\"1\" role=\"tab\" tabindex=\"0\" aria-controls=\"elementor-tab-content-1901\" aria-expanded=\"false\">Podro\u010dje komunala<\/div>\n\t\t\t\t\t<div id=\"elementor-tab-content-1901\" class=\"elementor-tab-content elementor-clearfix\" data-tab=\"1\" role=\"tabpanel\" aria-labelledby=\"elementor-tab-title-1901\" tabindex=\"0\" hidden=\"false\"><ul><li style=\"font-weight: 400;\">kanalizacijski sistemi\u00a0<\/li><li style=\"font-weight: 400;\">komunalne \u010distilne naprave<\/li><li style=\"font-weight: 400;\">priprava pitne vode\u00a0<\/li><li style=\"font-weight: 400;\">vodovodna omre\u017eja<\/li><\/ul><\/div>\n\t\t\t\t\t\t\t\t\t<div class=\"elementor-tab-title elementor-tab-mobile-title\" aria-selected=\"false\" data-tab=\"2\" role=\"tab\" tabindex=\"-1\" aria-controls=\"elementor-tab-content-1902\" aria-expanded=\"false\">Podro\u010dje industrija<\/div>\n\t\t\t\t\t<div id=\"elementor-tab-content-1902\" class=\"elementor-tab-content elementor-clearfix\" data-tab=\"2\" role=\"tabpanel\" aria-labelledby=\"elementor-tab-title-1902\" tabindex=\"0\" hidden=\"hidden\"><ul><li style=\"font-weight: 400;\">tehnolo\u0161ke \u010distilne naprave\u00a0<\/li><li style=\"font-weight: 400;\">priprava tehnolo\u0161ke vode<\/li><li style=\"font-weight: 400;\">tehnolo\u0161ka oprema<\/li><\/ul><\/div>\n\t\t\t\t\t\t\t\t\t<div class=\"elementor-tab-title elementor-tab-mobile-title\" aria-selected=\"false\" data-tab=\"3\" role=\"tab\" tabindex=\"-1\" aria-controls=\"elementor-tab-content-1903\" aria-expanded=\"false\">Podro\u010dje odpadki<\/div>\n\t\t\t\t\t<div id=\"elementor-tab-content-1903\" class=\"elementor-tab-content elementor-clearfix\" data-tab=\"3\" role=\"tabpanel\" aria-labelledby=\"elementor-tab-title-1903\" tabindex=\"0\" hidden=\"hidden\"><ul><li style=\"font-weight: 400;\">pridobivanje bioplina iz odpadnih muljev \u010distilnih naprav<\/li><li style=\"font-weight: 400;\">pridobivanje bioplina iz kmetijskih odpadkov<\/li><li style=\"font-weight: 400;\">pridobivanje bioplina iz odpadkov \u017eivilsko prehrambene industrije<\/li><li style=\"font-weight: 400;\">naprave za se\u017eig odpadkov<\/li><\/ul><\/div>\n\t\t\t\t\t\t\t\t\t<div class=\"elementor-tab-title elementor-tab-mobile-title\" aria-selected=\"false\" data-tab=\"4\" role=\"tab\" tabindex=\"-1\" aria-controls=\"elementor-tab-content-1904\" aria-expanded=\"false\">Podro\u010dje raziskave in razvoj<\/div>\n\t\t\t\t\t<div id=\"elementor-tab-content-1904\" class=\"elementor-tab-content elementor-clearfix\" data-tab=\"4\" role=\"tabpanel\" aria-labelledby=\"elementor-tab-title-1904\" tabindex=\"0\" hidden=\"hidden\"><ul><li style=\"font-weight: 400;\">laboratorijske analize in mnenja o delovanju \u010distilnih naprav<\/li><li style=\"font-weight: 400;\">raziskave in pilotni preizkusi novih tehnologij \u010di\u0161\u010denja odpadnih voda<\/li><\/ul><\/div>\n\t\t\t\t\t\t\t\t\t<div class=\"elementor-tab-title elementor-tab-mobile-title\" aria-selected=\"false\" data-tab=\"5\" role=\"tab\" tabindex=\"-1\" aria-controls=\"elementor-tab-content-1905\" aria-expanded=\"false\">Storitve za navedena podro\u010dja<\/div>\n\t\t\t\t\t<div id=\"elementor-tab-content-1905\" class=\"elementor-tab-content elementor-clearfix\" data-tab=\"5\" role=\"tabpanel\" aria-labelledby=\"elementor-tab-title-1905\" tabindex=\"0\" hidden=\"hidden\"><ul><li style=\"font-weight: 400;\">izdelava \u0161tudij, zasnov<\/li><li style=\"font-weight: 400;\">izdelava projektne dokumentacije IDP, PGD, PZI, PID<\/li><li style=\"font-weight: 400;\">pridobivanje soglasij<\/li><li style=\"font-weight: 400;\">celotno vodenje investicij (in\u017eeniring, izgradnja, nadzor)<\/li><li style=\"font-weight: 400;\">poskusno obratovanje ter pridobitev uporabnega dovoljenja<\/li><li style=\"font-weight: 400;\">svetovanje investitorjem<\/li><li style=\"font-weight: 400;\">razvoj novih tehnologij<\/li><\/ul><p style=\"font-weight: 400;\">\u00a0<\/p><\/div>\n\t\t\t\t\t\t\t<\/div>\n\t\t<\/div>\n\t\t\t\t<\/div>\n\t\t\t\t<\/div>\n\t\t\t\t\t\t<\/div>\n\t\t\t\t\t<\/div>\n\t\t<\/div>\n\t\t\t\t\t\t\t\t<\/div>\n\t\t\t\t\t<\/div>\n\t\t<\/section>\n\t\t\t\t<section class=\"elementor-section elementor-top-section elementor-element elementor-element-940f00b elementor-section-boxed elementor-section-height-default elementor-section-height-default\" data-id=\"940f00b\" data-element_type=\"section\" data-settings=\"{&quot;background_background&quot;:&quot;gradient&quot;}\">\n\t\t\t\t\t\t<div class=\"elementor-container elementor-column-gap-default\">\n\t\t\t\t\t\t\t<div class=\"elementor-row\">\n\t\t\t\t\t<div class=\"elementor-column elementor-col-100 elementor-top-column elementor-element elementor-element-310a006\" data-id=\"310a006\" data-element_type=\"column\" data-settings=\"{&quot;background_background&quot;:&quot;gradient&quot;}\">\n\t\t\t<div class=\"elementor-column-wrap elementor-element-populated\">\n\t\t\t\t\t<div class=\"elementor-background-overlay\"><\/div>\n\t\t\t\t\t\t\t<div class=\"elementor-widget-wrap\">\n\t\t\t\t\t\t<div class=\"elementor-element elementor-element-565923e elementor-widget elementor-widget-html\" data-id=\"565923e\" data-element_type=\"widget\" data-widget_type=\"html.default\">\n\t\t\t\t<div class=\"elementor-widget-container\">\n\t\t\t<object data=\"https:\/\/www.haslauer.si\/dev\/wp-content\/uploads\/PDF mapa\/Prospekt.pdf\" type=\"application\/pdf\" width=\"700px\" height=\"700px\">\r\n\r\n    <embed src=\"https:\/\/www.haslauer.si\/dev\/wp-content\/uploads\/PDF mapa\/Prospekt.pdf\">\r\n\r\n        <p>This browser does not support PDFs. Please download the PDF to view it: <a href=\"https:\/\/www.haslauer.si\/dev\/wp-content\/uploads\/PDF mapa\/Prospekt.pdf\">Download PDF<\/a>.<\/p>\r\n\r\n    <\/embed>\r\n\r\n<\/object>\t\t<\/div>\n\t\t\t\t<\/div>\n\t\t\t\t\t\t<\/div>\n\t\t\t\t\t<\/div>\n\t\t<\/div>\n\t\t\t\t\t\t\t\t<\/div>\n\t\t\t\t\t<\/div>\n\t\t<\/section>\n\t\t\t\t\t\t<\/div>\n\t\t\t\t\t\t<\/div>\n\t\t\t\t\t<\/div>\n\t\t","protected":false},"excerpt":{"rendered":"<p>Splo\u0161no Podjetje za projektiranje in in\u017eeniring naprav za pripravo pitne in \u010di\u0161\u010denje odpadne vode. Naro\u010dnikom nudimo celotne storitve od svetovanja in idejne zasnove, projektne dokumentacije, pridobivanja soglasij, in\u017eeniringa, izgradnje, do poskusnega obratovanja in uporabnega dovoljenja; ali samo posamezno storitev. Podro\u010dje komunala Podro\u010dje industrija Podro\u010dje odpadki Podro\u010dje raziskave in razvoj Storitve za navedena podro\u010dja Podro\u010dje komunala [&hellip;]<\/p>\n","protected":false},"author":1,"featured_media":0,"parent":0,"menu_order":0,"comment_status":"closed","ping_status":"closed","template":"elementor_header_footer","meta":[],"yoast_head":"<!-- This site is optimized with the Yoast SEO plugin v16.7 - https:\/\/yoast.com\/wordpress\/plugins\/seo\/ -->\n<title>Splo\u0161no - Haslauer<\/title>\n<meta name=\"robots\" content=\"index, follow, max-snippet:-1, max-image-preview:large, max-video-preview:-1\" \/>\n<link rel=\"canonical\" href=\"https:\/\/www.haslauer.si\/dev\/splosno\/\" \/>\n<meta property=\"og:locale\" content=\"en_US\" \/>\n<meta property=\"og:type\" content=\"article\" \/>\n<meta property=\"og:title\" content=\"Splo\u0161no - Haslauer\" \/>\n<meta property=\"og:description\" content=\"Splo\u0161no Podjetje za projektiranje in in\u017eeniring naprav za pripravo pitne in \u010di\u0161\u010denje odpadne vode. Naro\u010dnikom nudimo celotne storitve od svetovanja in idejne zasnove, projektne dokumentacije, pridobivanja soglasij, in\u017eeniringa, izgradnje, do poskusnega obratovanja in uporabnega dovoljenja; ali samo posamezno storitev. Podro\u010dje komunala Podro\u010dje industrija Podro\u010dje odpadki Podro\u010dje raziskave in razvoj Storitve za navedena podro\u010dja Podro\u010dje komunala [&hellip;]\" \/>\n<meta property=\"og:url\" content=\"https:\/\/www.haslauer.si\/dev\/splosno\/\" \/>\n<meta property=\"og:site_name\" content=\"Haslauer\" \/>\n<meta property=\"article:modified_time\" content=\"2021-01-03T19:42:16+00:00\" \/>\n<meta name=\"twitter:card\" content=\"summary_large_image\" \/>\n<meta name=\"twitter:label1\" content=\"Est. reading time\" \/>\n\t<meta name=\"twitter:data1\" content=\"1 minute\" \/>\n<script type=\"application\/ld+json\" class=\"yoast-schema-graph\">{\"@context\":\"https:\/\/schema.org\",\"@graph\":[{\"@type\":\"WebSite\",\"@id\":\"https:\/\/www.haslauer.si\/dev\/#website\",\"url\":\"https:\/\/www.haslauer.si\/dev\/\",\"name\":\"Haslauer\",\"description\":\"\",\"potentialAction\":[{\"@type\":\"SearchAction\",\"target\":{\"@type\":\"EntryPoint\",\"urlTemplate\":\"https:\/\/www.haslauer.si\/dev\/?s={search_term_string}\"},\"query-input\":\"required name=search_term_string\"}],\"inLanguage\":\"en\"},{\"@type\":\"WebPage\",\"@id\":\"https:\/\/www.haslauer.si\/dev\/splosno\/#webpage\",\"url\":\"https:\/\/www.haslauer.si\/dev\/splosno\/\",\"name\":\"Splo\\u0161no - Haslauer\",\"isPartOf\":{\"@id\":\"https:\/\/www.haslauer.si\/dev\/#website\"},\"datePublished\":\"2020-12-30T20:48:28+00:00\",\"dateModified\":\"2021-01-03T19:42:16+00:00\",\"breadcrumb\":{\"@id\":\"https:\/\/www.haslauer.si\/dev\/splosno\/#breadcrumb\"},\"inLanguage\":\"en\",\"potentialAction\":[{\"@type\":\"ReadAction\",\"target\":[\"https:\/\/www.haslauer.si\/dev\/splosno\/\"]}]},{\"@type\":\"BreadcrumbList\",\"@id\":\"https:\/\/www.haslauer.si\/dev\/splosno\/#breadcrumb\",\"itemListElement\":[{\"@type\":\"ListItem\",\"position\":1,\"name\":\"Home\",\"item\":\"https:\/\/www.haslauer.si\/dev\/\"},{\"@type\":\"ListItem\",\"position\":2,\"name\":\"Splo\\u0161no\"}]}]}<\/script>\n<!-- \/ Yoast SEO plugin. -->","yoast_head_json":{"title":"Splo\u0161no - Haslauer","robots":{"index":"index","follow":"follow","max-snippet":"max-snippet:-1","max-image-preview":"max-image-preview:large","max-video-preview":"max-video-preview:-1"},"canonical":"https:\/\/www.haslauer.si\/dev\/splosno\/","og_locale":"en_US","og_type":"article","og_title":"Splo\u0161no - Haslauer","og_description":"Splo\u0161no Podjetje za projektiranje in in\u017eeniring naprav za pripravo pitne in \u010di\u0161\u010denje odpadne vode. Naro\u010dnikom nudimo celotne storitve od svetovanja in idejne zasnove, projektne dokumentacije, pridobivanja soglasij, in\u017eeniringa, izgradnje, do poskusnega obratovanja in uporabnega dovoljenja; ali samo posamezno storitev. Podro\u010dje komunala Podro\u010dje industrija Podro\u010dje odpadki Podro\u010dje raziskave in razvoj Storitve za navedena podro\u010dja Podro\u010dje komunala [&hellip;]","og_url":"https:\/\/www.haslauer.si\/dev\/splosno\/","og_site_name":"Haslauer","article_modified_time":"2021-01-03T19:42:16+00:00","twitter_card":"summary_large_image","twitter_misc":{"Est. reading time":"1 minute"},"schema":{"@context":"https:\/\/schema.org","@graph":[{"@type":"WebSite","@id":"https:\/\/www.haslauer.si\/dev\/#website","url":"https:\/\/www.haslauer.si\/dev\/","name":"Haslauer","description":"","potentialAction":[{"@type":"SearchAction","target":{"@type":"EntryPoint","urlTemplate":"https:\/\/www.haslauer.si\/dev\/?s={search_term_string}"},"query-input":"required name=search_term_string"}],"inLanguage":"en"},{"@type":"WebPage","@id":"https:\/\/www.haslauer.si\/dev\/splosno\/#webpage","url":"https:\/\/www.haslauer.si\/dev\/splosno\/","name":"Splo\u0161no - Haslauer","isPartOf":{"@id":"https:\/\/www.haslauer.si\/dev\/#website"},"datePublished":"2020-12-30T20:48:28+00:00","dateModified":"2021-01-03T19:42:16+00:00","breadcrumb":{"@id":"https:\/\/www.haslauer.si\/dev\/splosno\/#breadcrumb"},"inLanguage":"en","potentialAction":[{"@type":"ReadAction","target":["https:\/\/www.haslauer.si\/dev\/splosno\/"]}]},{"@type":"BreadcrumbList","@id":"https:\/\/www.haslauer.si\/dev\/splosno\/#breadcrumb","itemListElement":[{"@type":"ListItem","position":1,"name":"Home","item":"https:\/\/www.haslauer.si\/dev\/"},{"@type":"ListItem","position":2,"name":"Splo\u0161no"}]}]}},"_links":{"self":[{"href":"https:\/\/www.haslauer.si\/dev\/wp-json\/wp\/v2\/pages\/342"}],"collection":[{"href":"https:\/\/www.haslauer.si\/dev\/wp-json\/wp\/v2\/pages"}],"about":[{"href":"https:\/\/www.haslauer.si\/dev\/wp-json\/wp\/v2\/types\/page"}],"author":[{"embeddable":true,"href":"https:\/\/www.haslauer.si\/dev\/wp-json\/wp\/v2\/users\/1"}],"replies":[{"embeddable":true,"href":"https:\/\/www.haslauer.si\/dev\/wp-json\/wp\/v2\/comments?post=342"}],"version-history":[{"count":0,"href":"https:\/\/www.haslauer.si\/dev\/wp-json\/wp\/v2\/pages\/342\/revisions"}],"wp:attachment":[{"href":"https:\/\/www.haslauer.si\/dev\/wp-json\/wp\/v2\/media?parent=342"}],"curies":[{"name":"wp","href":"https:\/\/api.w.org\/{rel}","templated":true}]}}