{"id":25,"date":"2020-12-07T11:44:23","date_gmt":"2020-12-07T11:44:23","guid":{"rendered":"https:\/\/www.haslauer.si\/dev\/?page_id=25"},"modified":"2021-01-16T13:22:28","modified_gmt":"2021-01-16T13:22:28","slug":"domaca-stran","status":"publish","type":"page","link":"https:\/\/www.haslauer.si\/dev\/","title":{"rendered":"HOMEPAGE"},"content":{"rendered":"\t\t<div data-elementor-type=\"wp-page\" data-elementor-id=\"25\" class=\"elementor elementor-25\" data-elementor-settings=\"[]\">\n\t\t\t\t\t\t<div class=\"elementor-inner\">\n\t\t\t\t\t\t\t<div class=\"elementor-section-wrap\">\n\t\t\t\t\t\t\t<section class=\"elementor-section elementor-top-section elementor-element elementor-element-5ef8fbc elementor-section-height-full elementor-section-boxed elementor-section-height-default elementor-section-items-middle\" data-id=\"5ef8fbc\" data-element_type=\"section\" data-settings=\"{&quot;background_background&quot;:&quot;video&quot;,&quot;background_video_link&quot;:&quot;https:\\\/\\\/www.youtube.com\\\/watch?v=HSsqzzuGTPo&quot;,&quot;background_video_start&quot;:40,&quot;background_video_end&quot;:60}\">\n\t\t\t\t\t\t\t\t<div class=\"elementor-background-video-container elementor-hidden-phone\">\n\t\t\t\t\t\t\t\t\t\t\t\t\t<div class=\"elementor-background-video-embed\"><\/div>\n\t\t\t\t\t\t\t\t\t\t\t\t<\/div>\n\t\t\t\t\t\t\t\t<div class=\"elementor-container elementor-column-gap-default\">\n\t\t\t\t\t\t\t<div class=\"elementor-row\">\n\t\t\t\t\t<div class=\"elementor-column elementor-col-100 elementor-top-column elementor-element elementor-element-56dbb59\" data-id=\"56dbb59\" data-element_type=\"column\">\n\t\t\t<div class=\"elementor-column-wrap\">\n\t\t\t\t\t\t\t<div class=\"elementor-widget-wrap\">\n\t\t\t\t\t\t\t\t<\/div>\n\t\t\t\t\t<\/div>\n\t\t<\/div>\n\t\t\t\t\t\t\t\t<\/div>\n\t\t\t\t\t<\/div>\n\t\t<\/section>\n\t\t\t\t\t\t<\/div>\n\t\t\t\t\t\t<\/div>\n\t\t\t\t\t<\/div>\n\t\t","protected":false},"excerpt":{"rendered":"","protected":false},"author":1,"featured_media":0,"parent":0,"menu_order":0,"comment_status":"closed","ping_status":"closed","template":"elementor_header_footer","meta":[],"yoast_head":"<!-- This site is optimized with the Yoast SEO plugin v16.7 - https:\/\/yoast.com\/wordpress\/plugins\/seo\/ -->\n<title>Haslauer projektiranje in svetovanje d.o.o.<\/title>\n<meta name=\"description\" content=\"Kot eno od kvalitetnih podjetij za projektiranje in in\u017eeniring naprav za pripravo pitne in \u010di\u0161\u010denje odpadne vode, nudimo optimalne re\u0161itve, ki temeljijo na na\u0161ih izku\u0161njah ter razvoju tehnike v svetu.\" \/>\n<meta name=\"robots\" content=\"index, follow, max-snippet:-1, max-image-preview:large, max-video-preview:-1\" \/>\n<link rel=\"canonical\" href=\"https:\/\/www.haslauer.si\/dev\/\" \/>\n<meta property=\"og:locale\" content=\"en_US\" \/>\n<meta property=\"og:type\" content=\"article\" \/>\n<meta property=\"og:title\" content=\"Haslauer projektiranje in svetovanje d.o.o.\" \/>\n<meta property=\"og:description\" content=\"Kot eno od kvalitetnih podjetij za projektiranje in in\u017eeniring naprav za pripravo pitne in \u010di\u0161\u010denje odpadne vode, nudimo optimalne re\u0161itve, ki temeljijo na na\u0161ih izku\u0161njah ter razvoju tehnike v svetu.\" \/>\n<meta property=\"og:url\" content=\"https:\/\/www.haslauer.si\/dev\/\" \/>\n<meta property=\"og:site_name\" content=\"Haslauer\" \/>\n<meta property=\"article:modified_time\" content=\"2021-01-16T13:22:28+00:00\" \/>\n<meta name=\"twitter:card\" content=\"summary_large_image\" \/>\n<script type=\"application\/ld+json\" class=\"yoast-schema-graph\">{\"@context\":\"https:\/\/schema.org\",\"@graph\":[{\"@type\":\"WebSite\",\"@id\":\"https:\/\/www.haslauer.si\/dev\/#website\",\"url\":\"https:\/\/www.haslauer.si\/dev\/\",\"name\":\"Haslauer\",\"description\":\"\",\"potentialAction\":[{\"@type\":\"SearchAction\",\"target\":{\"@type\":\"EntryPoint\",\"urlTemplate\":\"https:\/\/www.haslauer.si\/dev\/?s={search_term_string}\"},\"query-input\":\"required name=search_term_string\"}],\"inLanguage\":\"en\"},{\"@type\":\"WebPage\",\"@id\":\"https:\/\/www.haslauer.si\/dev\/#webpage\",\"url\":\"https:\/\/www.haslauer.si\/dev\/\",\"name\":\"Haslauer projektiranje in svetovanje d.o.o.\",\"isPartOf\":{\"@id\":\"https:\/\/www.haslauer.si\/dev\/#website\"},\"datePublished\":\"2020-12-07T11:44:23+00:00\",\"dateModified\":\"2021-01-16T13:22:28+00:00\",\"description\":\"Kot eno od kvalitetnih podjetij za projektiranje in in\\u017eeniring naprav za pripravo pitne in \\u010di\\u0161\\u010denje odpadne vode, nudimo optimalne re\\u0161itve, ki temeljijo na na\\u0161ih izku\\u0161njah ter razvoju tehnike v svetu.\",\"breadcrumb\":{\"@id\":\"https:\/\/www.haslauer.si\/dev\/#breadcrumb\"},\"inLanguage\":\"en\",\"potentialAction\":[{\"@type\":\"ReadAction\",\"target\":[\"https:\/\/www.haslauer.si\/dev\/\"]}]},{\"@type\":\"BreadcrumbList\",\"@id\":\"https:\/\/www.haslauer.si\/dev\/#breadcrumb\",\"itemListElement\":[{\"@type\":\"ListItem\",\"position\":1,\"name\":\"Home\",\"item\":\"https:\/\/www.haslauer.si\/dev\/\"},{\"@type\":\"ListItem\",\"position\":2,\"name\":\"HOMEPAGE\"}]}]}<\/script>\n<!-- \/ Yoast SEO plugin. -->","yoast_head_json":{"title":"Haslauer projektiranje in svetovanje d.o.o.","description":"Kot eno od kvalitetnih podjetij za projektiranje in in\u017eeniring naprav za pripravo pitne in \u010di\u0161\u010denje odpadne vode, nudimo optimalne re\u0161itve, ki temeljijo na na\u0161ih izku\u0161njah ter razvoju tehnike v svetu.","robots":{"index":"index","follow":"follow","max-snippet":"max-snippet:-1","max-image-preview":"max-image-preview:large","max-video-preview":"max-video-preview:-1"},"canonical":"https:\/\/www.haslauer.si\/dev\/","og_locale":"en_US","og_type":"article","og_title":"Haslauer projektiranje in svetovanje d.o.o.","og_description":"Kot eno od kvalitetnih podjetij za projektiranje in in\u017eeniring naprav za pripravo pitne in \u010di\u0161\u010denje odpadne vode, nudimo optimalne re\u0161itve, ki temeljijo na na\u0161ih izku\u0161njah ter razvoju tehnike v svetu.","og_url":"https:\/\/www.haslauer.si\/dev\/","og_site_name":"Haslauer","article_modified_time":"2021-01-16T13:22:28+00:00","twitter_card":"summary_large_image","schema":{"@context":"https:\/\/schema.org","@graph":[{"@type":"WebSite","@id":"https:\/\/www.haslauer.si\/dev\/#website","url":"https:\/\/www.haslauer.si\/dev\/","name":"Haslauer","description":"","potentialAction":[{"@type":"SearchAction","target":{"@type":"EntryPoint","urlTemplate":"https:\/\/www.haslauer.si\/dev\/?s={search_term_string}"},"query-input":"required name=search_term_string"}],"inLanguage":"en"},{"@type":"WebPage","@id":"https:\/\/www.haslauer.si\/dev\/#webpage","url":"https:\/\/www.haslauer.si\/dev\/","name":"Haslauer projektiranje in svetovanje d.o.o.","isPartOf":{"@id":"https:\/\/www.haslauer.si\/dev\/#website"},"datePublished":"2020-12-07T11:44:23+00:00","dateModified":"2021-01-16T13:22:28+00:00","description":"Kot eno od kvalitetnih podjetij za projektiranje in in\u017eeniring naprav za pripravo pitne in \u010di\u0161\u010denje odpadne vode, nudimo optimalne re\u0161itve, ki temeljijo na na\u0161ih izku\u0161njah ter razvoju tehnike v svetu.","breadcrumb":{"@id":"https:\/\/www.haslauer.si\/dev\/#breadcrumb"},"inLanguage":"en","potentialAction":[{"@type":"ReadAction","target":["https:\/\/www.haslauer.si\/dev\/"]}]},{"@type":"BreadcrumbList","@id":"https:\/\/www.haslauer.si\/dev\/#breadcrumb","itemListElement":[{"@type":"ListItem","position":1,"name":"Home","item":"https:\/\/www.haslauer.si\/dev\/"},{"@type":"ListItem","position":2,"name":"HOMEPAGE"}]}]}},"_links":{"self":[{"href":"https:\/\/www.haslauer.si\/dev\/wp-json\/wp\/v2\/pages\/25"}],"collection":[{"href":"https:\/\/www.haslauer.si\/dev\/wp-json\/wp\/v2\/pages"}],"about":[{"href":"https:\/\/www.haslauer.si\/dev\/wp-json\/wp\/v2\/types\/page"}],"author":[{"embeddable":true,"href":"https:\/\/www.haslauer.si\/dev\/wp-json\/wp\/v2\/users\/1"}],"replies":[{"embeddable":true,"href":"https:\/\/www.haslauer.si\/dev\/wp-json\/wp\/v2\/comments?post=25"}],"version-history":[{"count":0,"href":"https:\/\/www.haslauer.si\/dev\/wp-json\/wp\/v2\/pages\/25\/revisions"}],"wp:attachment":[{"href":"https:\/\/www.haslauer.si\/dev\/wp-json\/wp\/v2\/media?parent=25"}],"curies":[{"name":"wp","href":"https:\/\/api.w.org\/{rel}","templated":true}]}}